{"id":58,"date":"2021-12-18T10:46:52","date_gmt":"2021-12-18T09:46:52","guid":{"rendered":"http:\/\/www.stixn-ranch.at\/?page_id=58"},"modified":"2023-01-25T15:36:46","modified_gmt":"2023-01-25T14:36:46","slug":"kurse","status":"publish","type":"page","link":"http:\/\/www.stixn-ranch.at\/?page_id=58","title":{"rendered":"Kurse"},"content":{"rendered":"\n<figure class=\"wp-block-gallery has-nested-images columns-default is-cropped wp-block-gallery-1 is-layout-flex wp-block-gallery-is-layout-flex\">\n<figure class=\"wp-block-image size-large\"><img loading=\"lazy\" decoding=\"async\" width=\"960\" height=\"720\" data-id=\"375\" src=\"http:\/\/www.stixn-ranch.at\/wp-content\/uploads\/2022\/01\/Foto-Homepage-Reitpl.-mit-rinder-u.-pferde.jpg\" alt=\"\" class=\"wp-image-375\" srcset=\"http:\/\/www.stixn-ranch.at\/wp-content\/uploads\/2022\/01\/Foto-Homepage-Reitpl.-mit-rinder-u.-pferde.jpg 960w, http:\/\/www.stixn-ranch.at\/wp-content\/uploads\/2022\/01\/Foto-Homepage-Reitpl.-mit-rinder-u.-pferde-300x225.jpg 300w, http:\/\/www.stixn-ranch.at\/wp-content\/uploads\/2022\/01\/Foto-Homepage-Reitpl.-mit-rinder-u.-pferde-768x576.jpg 768w\" sizes=\"(max-width: 960px) 100vw, 960px\" \/><\/figure>\n\n\n\n<figure class=\"wp-block-image size-large\"><img loading=\"lazy\" decoding=\"async\" width=\"960\" height=\"720\" data-id=\"376\" src=\"http:\/\/www.stixn-ranch.at\/wp-content\/uploads\/2022\/01\/Foto-Homepage-Trailpark-schild-1.jpg\" alt=\"\" class=\"wp-image-376\" srcset=\"http:\/\/www.stixn-ranch.at\/wp-content\/uploads\/2022\/01\/Foto-Homepage-Trailpark-schild-1.jpg 960w, http:\/\/www.stixn-ranch.at\/wp-content\/uploads\/2022\/01\/Foto-Homepage-Trailpark-schild-1-300x225.jpg 300w, http:\/\/www.stixn-ranch.at\/wp-content\/uploads\/2022\/01\/Foto-Homepage-Trailpark-schild-1-768x576.jpg 768w\" sizes=\"(max-width: 960px) 100vw, 960px\" \/><\/figure>\n\n\n\n<figure class=\"wp-block-image size-large\"><img loading=\"lazy\" decoding=\"async\" width=\"826\" height=\"720\" data-id=\"377\" src=\"http:\/\/www.stixn-ranch.at\/wp-content\/uploads\/2022\/01\/Foto-Homepage-Balance-Balken-Hand-1.jpg\" alt=\"\" class=\"wp-image-377\" srcset=\"http:\/\/www.stixn-ranch.at\/wp-content\/uploads\/2022\/01\/Foto-Homepage-Balance-Balken-Hand-1.jpg 826w, http:\/\/www.stixn-ranch.at\/wp-content\/uploads\/2022\/01\/Foto-Homepage-Balance-Balken-Hand-1-300x262.jpg 300w, http:\/\/www.stixn-ranch.at\/wp-content\/uploads\/2022\/01\/Foto-Homepage-Balance-Balken-Hand-1-768x669.jpg 768w\" sizes=\"(max-width: 826px) 100vw, 826px\" \/><\/figure>\n\n\n\n<figure class=\"wp-block-image size-large\"><img loading=\"lazy\" decoding=\"async\" width=\"720\" height=\"540\" data-id=\"378\" src=\"http:\/\/www.stixn-ranch.at\/wp-content\/uploads\/2022\/01\/Foto-Homepage-Holz-ziehen-1.jpg\" alt=\"\" class=\"wp-image-378\" srcset=\"http:\/\/www.stixn-ranch.at\/wp-content\/uploads\/2022\/01\/Foto-Homepage-Holz-ziehen-1.jpg 720w, http:\/\/www.stixn-ranch.at\/wp-content\/uploads\/2022\/01\/Foto-Homepage-Holz-ziehen-1-300x225.jpg 300w\" sizes=\"(max-width: 720px) 100vw, 720px\" \/><\/figure>\n\n\n\n<figure class=\"wp-block-image size-large\"><img loading=\"lazy\" decoding=\"async\" width=\"960\" height=\"720\" data-id=\"379\" src=\"http:\/\/www.stixn-ranch.at\/wp-content\/uploads\/2022\/01\/Foto-Homepage-Zirkusl.-3.jpg\" alt=\"\" class=\"wp-image-379\" srcset=\"http:\/\/www.stixn-ranch.at\/wp-content\/uploads\/2022\/01\/Foto-Homepage-Zirkusl.-3.jpg 960w, http:\/\/www.stixn-ranch.at\/wp-content\/uploads\/2022\/01\/Foto-Homepage-Zirkusl.-3-300x225.jpg 300w, http:\/\/www.stixn-ranch.at\/wp-content\/uploads\/2022\/01\/Foto-Homepage-Zirkusl.-3-768x576.jpg 768w\" sizes=\"(max-width: 960px) 100vw, 960px\" \/><\/figure>\n\n\n\n<figure class=\"wp-block-image size-large\"><img loading=\"lazy\" decoding=\"async\" width=\"653\" height=\"960\" data-id=\"380\" src=\"http:\/\/www.stixn-ranch.at\/wp-content\/uploads\/2022\/01\/Foto-Homepage-Lasso-Francisco.jpg\" alt=\"\" class=\"wp-image-380\" srcset=\"http:\/\/www.stixn-ranch.at\/wp-content\/uploads\/2022\/01\/Foto-Homepage-Lasso-Francisco.jpg 653w, http:\/\/www.stixn-ranch.at\/wp-content\/uploads\/2022\/01\/Foto-Homepage-Lasso-Francisco-204x300.jpg 204w\" sizes=\"(max-width: 653px) 100vw, 653px\" \/><\/figure>\n<\/figure>\n\n\n\n<p>Ein vielseitiges Angebot f\u00fcr Pferd und Mensch liegt uns am Herzen.<\/p>\n\n\n\n<p>Es werden Kurse von Versatilaty Ranch Horse Disziplinen bis hin zu Extrem Trail, Zirkuslektionen, Ranch Klassen, Rinderarbeit, Freiheitsdressur, Bodenarbeit, Gelassenheitstraining, Lassotraining oder Horse and Dog Trail angeboten. Wir haben egal ob Anf\u00e4nger oder Profi und unabh\u00e4ngig von der Rasse und Reitweise immer den passenden Trainer oder Richter f\u00fcr euch bei der Hand.<\/p>\n","protected":false},"excerpt":{"rendered":"<p>Ein vielseitiges Angebot f\u00fcr Pferd und Mensch liegt uns am Herzen. Es werden Kurse von Versatilaty Ranch Horse Disziplinen bis hin zu Extrem Trail, Zirkuslektionen, Ranch Klassen, Rinderarbeit, Freiheitsdressur, Bodenarbeit, Gelassenheitstraining, Lassotraining oder Horse and Dog Trail angeboten. Wir haben egal ob Anf\u00e4nger oder Profi und unabh\u00e4ngig von der Rasse und Reitweise immer den passenden [&hellip;]<\/p>\n","protected":false},"author":1,"featured_media":0,"parent":0,"menu_order":0,"comment_status":"closed","ping_status":"closed","template":"","meta":{"footnotes":""},"_links":{"self":[{"href":"http:\/\/www.stixn-ranch.at\/index.php?rest_route=\/wp\/v2\/pages\/58"}],"collection":[{"href":"http:\/\/www.stixn-ranch.at\/index.php?rest_route=\/wp\/v2\/pages"}],"about":[{"href":"http:\/\/www.stixn-ranch.at\/index.php?rest_route=\/wp\/v2\/types\/page"}],"author":[{"embeddable":true,"href":"http:\/\/www.stixn-ranch.at\/index.php?rest_route=\/wp\/v2\/users\/1"}],"replies":[{"embeddable":true,"href":"http:\/\/www.stixn-ranch.at\/index.php?rest_route=%2Fwp%2Fv2%2Fcomments&post=58"}],"version-history":[{"count":5,"href":"http:\/\/www.stixn-ranch.at\/index.php?rest_route=\/wp\/v2\/pages\/58\/revisions"}],"predecessor-version":[{"id":490,"href":"http:\/\/www.stixn-ranch.at\/index.php?rest_route=\/wp\/v2\/pages\/58\/revisions\/490"}],"wp:attachment":[{"href":"http:\/\/www.stixn-ranch.at\/index.php?rest_route=%2Fwp%2Fv2%2Fmedia&parent=58"}],"curies":[{"name":"wp","href":"https:\/\/api.w.org\/{rel}","templated":true}]}}