{"id":37,"date":"2021-12-08T14:35:09","date_gmt":"2021-12-08T13:35:09","guid":{"rendered":"http:\/\/www.stixn-ranch.at\/?page_id=37"},"modified":"2022-09-04T12:39:56","modified_gmt":"2022-09-04T10:39:56","slug":"unser-betrieb","status":"publish","type":"page","link":"http:\/\/www.stixn-ranch.at\/?page_id=37","title":{"rendered":"Unser Betrieb"},"content":{"rendered":"\n<figure class=\"wp-block-gallery columns-3 is-cropped wp-block-gallery-1 is-layout-flex wp-block-gallery-is-layout-flex\"><ul class=\"blocks-gallery-grid\"><li class=\"blocks-gallery-item\"><figure><img loading=\"lazy\" decoding=\"async\" width=\"1024\" height=\"676\" src=\"http:\/\/www.stixn-ranch.at\/wp-content\/uploads\/2022\/01\/Foto-Homepage-Familie-1024x676.jpg\" alt=\"\" data-id=\"382\" data-link=\"http:\/\/www.stixn-ranch.at\/?attachment_id=382\" class=\"wp-image-382\" srcset=\"http:\/\/www.stixn-ranch.at\/wp-content\/uploads\/2022\/01\/Foto-Homepage-Familie-1024x676.jpg 1024w, http:\/\/www.stixn-ranch.at\/wp-content\/uploads\/2022\/01\/Foto-Homepage-Familie-300x198.jpg 300w, http:\/\/www.stixn-ranch.at\/wp-content\/uploads\/2022\/01\/Foto-Homepage-Familie-768x507.jpg 768w, http:\/\/www.stixn-ranch.at\/wp-content\/uploads\/2022\/01\/Foto-Homepage-Familie-1536x1013.jpg 1536w, http:\/\/www.stixn-ranch.at\/wp-content\/uploads\/2022\/01\/Foto-Homepage-Familie-2048x1351.jpg 2048w\" sizes=\"(max-width: 1024px) 100vw, 1024px\" \/><\/figure><\/li><li class=\"blocks-gallery-item\"><figure><img loading=\"lazy\" decoding=\"async\" width=\"1024\" height=\"851\" src=\"http:\/\/www.stixn-ranch.at\/wp-content\/uploads\/2022\/01\/Foto-Homepage-Franz-und-ich-droatk-1024x851.jpg\" alt=\"\" data-id=\"383\" data-link=\"http:\/\/www.stixn-ranch.at\/?attachment_id=383\" class=\"wp-image-383\" srcset=\"http:\/\/www.stixn-ranch.at\/wp-content\/uploads\/2022\/01\/Foto-Homepage-Franz-und-ich-droatk-1024x851.jpg 1024w, http:\/\/www.stixn-ranch.at\/wp-content\/uploads\/2022\/01\/Foto-Homepage-Franz-und-ich-droatk-300x249.jpg 300w, http:\/\/www.stixn-ranch.at\/wp-content\/uploads\/2022\/01\/Foto-Homepage-Franz-und-ich-droatk-768x638.jpg 768w, http:\/\/www.stixn-ranch.at\/wp-content\/uploads\/2022\/01\/Foto-Homepage-Franz-und-ich-droatk-1536x1277.jpg 1536w, http:\/\/www.stixn-ranch.at\/wp-content\/uploads\/2022\/01\/Foto-Homepage-Franz-und-ich-droatk.jpg 1925w\" sizes=\"(max-width: 1024px) 100vw, 1024px\" \/><\/figure><\/li><li class=\"blocks-gallery-item\"><figure><img loading=\"lazy\" decoding=\"async\" width=\"745\" height=\"960\" src=\"http:\/\/www.stixn-ranch.at\/wp-content\/uploads\/2022\/01\/Foto-Homepage-Rind-Xaver.jpg\" alt=\"\" data-id=\"385\" data-full-url=\"http:\/\/www.stixn-ranch.at\/wp-content\/uploads\/2022\/01\/Foto-Homepage-Rind-Xaver.jpg\" data-link=\"http:\/\/www.stixn-ranch.at\/?attachment_id=385\" class=\"wp-image-385\" srcset=\"http:\/\/www.stixn-ranch.at\/wp-content\/uploads\/2022\/01\/Foto-Homepage-Rind-Xaver.jpg 745w, http:\/\/www.stixn-ranch.at\/wp-content\/uploads\/2022\/01\/Foto-Homepage-Rind-Xaver-233x300.jpg 233w\" sizes=\"(max-width: 745px) 100vw, 745px\" \/><\/figure><\/li><\/ul><\/figure>\n\n\n\n<p>Das STIXENGUT ist seit 1938 im Besitz der Familie und hat sich im Laufe der Jahre von einem kleinen \u201eSacherl\u201c zu einem Stiermastbetrieb entwickelt.<\/p>\n\n\n\n<p>Neben der Acker- und Gr\u00fcnlandbewirtschaftung, der F\u00f6rderung des Reitsportes auf unserer Pferdesportanlage, geht Franz am liebsten seinem Hobby nach \u2013 dem Kochen mit seinen beiden Kindern Theresia und Xaver.<\/p>\n\n\n\n<p>Gemeinsam mit seiner Lebensgef\u00e4hrtin Doris, die als Patchworkfamilie auch zwei Kinder, Lea und Hanna, mit in die Familie genommen hat &#8211; leben sie gemeinsam ihren Traum auf dem Stixengut.<\/p>\n\n\n\n<p>Doris hat die Pferdewelt auf den Hof gebracht und war fr\u00fcher schon eine begeisterte Trail &#8211; und Ranch Reiterin. Ein gut ausgebildetes Ranch Pferd ist f\u00fcr alles offen. Durch ihre Begeisterung f\u00fcr die Rinderarbeit bietet sich auf dem Hof die Gelegenheit f\u00fcr jeden Kurs frische Rinder zu haben. <\/p>\n\n\n\n<p>Wir f\u00f6rdern aus ganzem Herzen Freizeitreiter sowie Profireiter. Sehr gro\u00dfen Wert legen wir auf das aktuelle Reglement und den Tierschutz (\u00fcber 80 Rinder nur f\u00fcr die Rinder Arbeit pro Saison bevor sie zu den gro\u00dfen weiter gestellt werden, damit eine gro\u00dfe Abwechslung gewehrleistet ist). Genauso fordern wir dieses von jedem Trainer der von uns engagiert wird.<\/p>\n\n\n\n<p>Wegen der gemeinsamen Liebe zur Landwirtschaft und der Reiz an dem Au\u00dfergew\u00f6hnlichen, finden die Beiden immer wieder eine neue Herausforderung f\u00fcr Pferd und Reiter. Viele verschiedene Kurse f\u00fcr jedermann finden bei ihnen statt.<br><strong>\u201eUnsere Baustelle wird hoffentlich nie enden.\u201c<\/strong><\/p>\n","protected":false},"excerpt":{"rendered":"<p>Das STIXENGUT ist seit 1938 im Besitz der Familie und hat sich im Laufe der Jahre von einem kleinen \u201eSacherl\u201c zu einem Stiermastbetrieb entwickelt. Neben der Acker- und Gr\u00fcnlandbewirtschaftung, der F\u00f6rderung des Reitsportes auf unserer Pferdesportanlage, geht Franz am liebsten seinem Hobby nach \u2013 dem Kochen mit seinen beiden Kindern Theresia und Xaver. Gemeinsam mit [&hellip;]<\/p>\n","protected":false},"author":1,"featured_media":0,"parent":0,"menu_order":0,"comment_status":"closed","ping_status":"closed","template":"","meta":{"footnotes":""},"_links":{"self":[{"href":"http:\/\/www.stixn-ranch.at\/index.php?rest_route=\/wp\/v2\/pages\/37"}],"collection":[{"href":"http:\/\/www.stixn-ranch.at\/index.php?rest_route=\/wp\/v2\/pages"}],"about":[{"href":"http:\/\/www.stixn-ranch.at\/index.php?rest_route=\/wp\/v2\/types\/page"}],"author":[{"embeddable":true,"href":"http:\/\/www.stixn-ranch.at\/index.php?rest_route=\/wp\/v2\/users\/1"}],"replies":[{"embeddable":true,"href":"http:\/\/www.stixn-ranch.at\/index.php?rest_route=%2Fwp%2Fv2%2Fcomments&post=37"}],"version-history":[{"count":8,"href":"http:\/\/www.stixn-ranch.at\/index.php?rest_route=\/wp\/v2\/pages\/37\/revisions"}],"predecessor-version":[{"id":449,"href":"http:\/\/www.stixn-ranch.at\/index.php?rest_route=\/wp\/v2\/pages\/37\/revisions\/449"}],"wp:attachment":[{"href":"http:\/\/www.stixn-ranch.at\/index.php?rest_route=%2Fwp%2Fv2%2Fmedia&parent=37"}],"curies":[{"name":"wp","href":"https:\/\/api.w.org\/{rel}","templated":true}]}}